{"id":14740,"date":"2024-08-26T12:05:01","date_gmt":"2024-08-26T12:05:01","guid":{"rendered":"https:\/\/www.kern-sammet.ch\/agb\/"},"modified":"2024-08-27T06:59:48","modified_gmt":"2024-08-27T06:59:48","slug":"cgv","status":"publish","type":"page","link":"https:\/\/www.kern-sammet.ch\/fr\/cgv\/","title":{"rendered":"CGV"},"content":{"rendered":"\t\t<div data-elementor-type=\"wp-page\" data-elementor-id=\"14740\" class=\"elementor elementor-14740 elementor-14726\" data-elementor-post-type=\"page\">\n\t\t\t\t<div class=\"elementor-element elementor-element-c597496 e-con-full e-flex e-con e-parent\" data-id=\"c597496\" data-element_type=\"container\" data-e-type=\"container\" data-settings=\"{&quot;background_background&quot;:&quot;classic&quot;}\">\n\t\t\t\t<\/div>\n\t\t<div class=\"elementor-element elementor-element-99d1faa e-con-full e-flex e-con e-parent\" data-id=\"99d1faa\" data-element_type=\"container\" data-e-type=\"container\" data-settings=\"{&quot;background_background&quot;:&quot;classic&quot;}\">\n\t\t\t\t<div class=\"elementor-element elementor-element-e7f5c01 elementor-widget elementor-widget-pp-breadcrumbs\" data-id=\"e7f5c01\" data-element_type=\"widget\" data-e-type=\"widget\" data-settings=\"{&quot;breadcrumbs_type&quot;:&quot;powerpack&quot;}\" data-widget_type=\"pp-breadcrumbs.default\">\n\t\t\t\t<div class=\"elementor-widget-container\">\n\t\t\t\t\t<ul class=\"pp-breadcrumbs pp-breadcrumbs-powerpack\">\t\t<li class=\"pp-breadcrumbs-item pp-breadcrumbs-item-home\">\n\t\t\t<a class=\"pp-breadcrumbs-crumb pp-breadcrumbs-crumb-link pp-breadcrumbs-crumb-home\" href=\"https:\/\/www.kern-sammet.ch\/fr\/\" title=\"Home\">\n\t\t\t\t<span class=\"pp-breadcrumbs-text\">\n\t\t\t\t\t\t\t\t\t\t\t<span class=\"pp-icon\">\n\t\t\t\t\t\t\t<i aria-hidden=\"true\" class=\"fas fa-home\"><\/i>\t\t\t\t\t\t<\/span>\n\t\t\t\t\t\t\t\t\t\tHome\t\t\t\t<\/span>\n\t\t\t<\/a>\n\t\t<\/li>\n\t\t<li class=\"pp-breadcrumbs-separator\">\t\t\t\t<span class='pp-separator-icon pp-icon'>\n\t\t\t\t\t<i aria-hidden=\"true\" class=\"fas fa-angle-right\"><\/i>\t\t\t\t<\/span>\n\t\t\t\t<\/li><\/ul>\t\t\t\t<\/div>\n\t\t\t\t<\/div>\n\t\t\t\t<\/div>\n\t\t<div class=\"elementor-element elementor-element-cefac12 e-con-full e-flex e-con e-parent\" data-id=\"cefac12\" data-element_type=\"container\" data-e-type=\"container\" data-settings=\"{&quot;background_background&quot;:&quot;classic&quot;}\">\n\t\t<div class=\"elementor-element elementor-element-a7dade3 e-con-full e-flex e-con e-child\" data-id=\"a7dade3\" data-element_type=\"container\" data-e-type=\"container\" data-settings=\"{&quot;background_background&quot;:&quot;classic&quot;}\">\n\t\t\t\t<div class=\"elementor-element elementor-element-ef2d8ad elementor-widget elementor-widget-heading\" data-id=\"ef2d8ad\" data-element_type=\"widget\" data-e-type=\"widget\" data-widget_type=\"heading.default\">\n\t\t\t\t<div class=\"elementor-widget-container\">\n\t\t\t\t\t<h2 class=\"elementor-heading-title elementor-size-default\">CGV- Conditions g\u00e9n\u00e9rales<\/h2>\t\t\t\t<\/div>\n\t\t\t\t<\/div>\n\t\t<div class=\"elementor-element elementor-element-fe060f6 e-flex e-con-boxed e-con e-child\" data-id=\"fe060f6\" data-element_type=\"container\" data-e-type=\"container\">\n\t\t\t\t\t<div class=\"e-con-inner\">\n\t\t<div class=\"elementor-element elementor-element-001f962 e-con-full e-flex e-con e-child\" data-id=\"001f962\" data-element_type=\"container\" data-e-type=\"container\">\n\t\t\t\t<div class=\"elementor-element elementor-element-a8ba60a elementor-widget elementor-widget-text-editor\" data-id=\"a8ba60a\" data-element_type=\"widget\" data-e-type=\"widget\" data-widget_type=\"text-editor.default\">\n\t\t\t\t<div class=\"elementor-widget-container\">\n\t\t\t\t\t\t\t\t\t<p>Les pr\u00e9sentes CGV r\u00e9gissent la relation contractuelle entre Kern &amp; Sammet AG et ses clients concernant la commande et\/ou l\u2019achat de produits surgel\u00e9s. Elles font partie int\u00e9grante de tout contrat (oral ou \u00e9crit) conclu entre Kern &amp; Sammet AG et le client.<\/p>\t\t\t\t\t\t\t\t<\/div>\n\t\t\t\t<\/div>\n\t\t\t\t<div class=\"elementor-element elementor-element-cbd30ec elementor-icon-list--layout-traditional elementor-list-item-link-full_width elementor-widget elementor-widget-icon-list\" data-id=\"cbd30ec\" data-element_type=\"widget\" data-e-type=\"widget\" data-widget_type=\"icon-list.default\">\n\t\t\t\t<div class=\"elementor-widget-container\">\n\t\t\t\t\t\t\t<ul class=\"elementor-icon-list-items\">\n\t\t\t\t\t\t\t<li class=\"elementor-icon-list-item\">\n\t\t\t\t\t\t\t\t\t\t\t<a href=\"https:\/\/www.kern-sammet.ch\/wp-content\/uploads\/2024\/08\/2024_08_AGB_KS_V2.0_francais.pdf\" target=\"_blank\">\n\n\t\t\t\t\t\t\t\t\t\t\t\t<span class=\"elementor-icon-list-icon\">\n\t\t\t\t\t\t\t<i aria-hidden=\"true\" class=\"far fa-file-pdf\"><\/i>\t\t\t\t\t\t<\/span>\n\t\t\t\t\t\t\t\t\t\t<span class=\"elementor-icon-list-text\">Download: CGV<\/span>\n\t\t\t\t\t\t\t\t\t\t\t<\/a>\n\t\t\t\t\t\t\t\t\t<\/li>\n\t\t\t\t\t\t<\/ul>\n\t\t\t\t\t\t<\/div>\n\t\t\t\t<\/div>\n\t\t\t\t<\/div>\n\t\t\t\t\t<\/div>\n\t\t\t\t<\/div>\n\t\t\t\t<\/div>\n\t\t\t\t<\/div>\n\t\t\t\t<\/div>\n\t\t","protected":false},"excerpt":{"rendered":"<p>Home CGV- Conditions g\u00e9n\u00e9rales Les pr\u00e9sentes CGV r\u00e9gissent la relation contractuelle entre Kern &amp; Sammet AG et ses clients concernant la commande et\/ou l\u2019achat de produits surgel\u00e9s. Elles font partie int\u00e9grante de tout contrat (oral ou \u00e9crit) conclu entre Kern &amp; Sammet AG et le client. Download: CGV<\/p>\n","protected":false},"author":13,"featured_media":0,"parent":0,"menu_order":0,"comment_status":"closed","ping_status":"closed","template":"","meta":{"_acf_changed":false,"footnotes":""},"class_list":["post-14740","page","type-page","status-publish","hentry"],"acf":[],"yoast_head":"<!-- This site is optimized with the Yoast SEO plugin v27.1.1 - https:\/\/yoast.com\/product\/yoast-seo-wordpress\/ -->\n<title>CGV - Kern Sammet AG<\/title>\n<meta name=\"robots\" content=\"index, follow, max-snippet:-1, max-image-preview:large, max-video-preview:-1\" \/>\n<link rel=\"canonical\" href=\"https:\/\/www.kern-sammet.ch\/fr\/cgv\/\" \/>\n<meta property=\"og:locale\" content=\"fr_FR\" \/>\n<meta property=\"og:type\" content=\"article\" \/>\n<meta property=\"og:title\" content=\"CGV - Kern Sammet AG\" \/>\n<meta property=\"og:description\" content=\"Home CGV- Conditions g\u00e9n\u00e9rales Les pr\u00e9sentes CGV r\u00e9gissent la relation contractuelle entre Kern &amp; Sammet AG et ses clients concernant la commande et\/ou l\u2019achat de produits surgel\u00e9s. Elles font partie int\u00e9grante de tout contrat (oral ou \u00e9crit) conclu entre Kern &amp; Sammet AG et le client. Download: CGV\" \/>\n<meta property=\"og:url\" content=\"https:\/\/www.kern-sammet.ch\/fr\/cgv\/\" \/>\n<meta property=\"og:site_name\" content=\"Kern Sammet AG\" \/>\n<meta property=\"article:publisher\" content=\"https:\/\/www.facebook.com\/kernsammet\/\" \/>\n<meta property=\"article:modified_time\" content=\"2024-08-27T06:59:48+00:00\" \/>\n<meta name=\"twitter:card\" content=\"summary_large_image\" \/>\n<meta name=\"twitter:label1\" content=\"Dur\u00e9e de lecture estim\u00e9e\" \/>\n\t<meta name=\"twitter:data1\" content=\"1 minute\" \/>\n<script type=\"application\/ld+json\" class=\"yoast-schema-graph\">{\"@context\":\"https:\/\/schema.org\",\"@graph\":[{\"@type\":\"WebPage\",\"@id\":\"https:\/\/www.kern-sammet.ch\/fr\/cgv\/\",\"url\":\"https:\/\/www.kern-sammet.ch\/fr\/cgv\/\",\"name\":\"CGV - Kern Sammet AG\",\"isPartOf\":{\"@id\":\"https:\/\/www.kern-sammet.ch\/fr\/#website\"},\"datePublished\":\"2024-08-26T12:05:01+00:00\",\"dateModified\":\"2024-08-27T06:59:48+00:00\",\"breadcrumb\":{\"@id\":\"https:\/\/www.kern-sammet.ch\/fr\/cgv\/#breadcrumb\"},\"inLanguage\":\"fr-FR\",\"potentialAction\":[{\"@type\":\"ReadAction\",\"target\":[\"https:\/\/www.kern-sammet.ch\/fr\/cgv\/\"]}]},{\"@type\":\"BreadcrumbList\",\"@id\":\"https:\/\/www.kern-sammet.ch\/fr\/cgv\/#breadcrumb\",\"itemListElement\":[{\"@type\":\"ListItem\",\"position\":1,\"name\":\"Startseite\",\"item\":\"https:\/\/www.kern-sammet.ch\/fr\/\"},{\"@type\":\"ListItem\",\"position\":2,\"name\":\"CGV\"}]},{\"@type\":\"WebSite\",\"@id\":\"https:\/\/www.kern-sammet.ch\/fr\/#website\",\"url\":\"https:\/\/www.kern-sammet.ch\/fr\/\",\"name\":\"Kern & Sammet AG\",\"description\":\"\",\"publisher\":{\"@id\":\"https:\/\/www.kern-sammet.ch\/fr\/#organization\"},\"potentialAction\":[{\"@type\":\"SearchAction\",\"target\":{\"@type\":\"EntryPoint\",\"urlTemplate\":\"https:\/\/www.kern-sammet.ch\/fr\/?s={search_term_string}\"},\"query-input\":{\"@type\":\"PropertyValueSpecification\",\"valueRequired\":true,\"valueName\":\"search_term_string\"}}],\"inLanguage\":\"fr-FR\"},{\"@type\":\"Organization\",\"@id\":\"https:\/\/www.kern-sammet.ch\/fr\/#organization\",\"name\":\"Kern & Sammet AG\",\"url\":\"https:\/\/www.kern-sammet.ch\/fr\/\",\"logo\":{\"@type\":\"ImageObject\",\"inLanguage\":\"fr-FR\",\"@id\":\"https:\/\/www.kern-sammet.ch\/fr\/#\/schema\/logo\/image\/\",\"url\":\"https:\/\/www.kern-sammet.ch\/wp-content\/uploads\/2023\/11\/KS_Logo_Claim_Swiss_RGB_DE.png\",\"contentUrl\":\"https:\/\/www.kern-sammet.ch\/wp-content\/uploads\/2023\/11\/KS_Logo_Claim_Swiss_RGB_DE.png\",\"width\":2240,\"height\":585,\"caption\":\"Kern & Sammet AG\"},\"image\":{\"@id\":\"https:\/\/www.kern-sammet.ch\/fr\/#\/schema\/logo\/image\/\"},\"sameAs\":[\"https:\/\/www.facebook.com\/kernsammet\/\"]}]}<\/script>\n<!-- \/ Yoast SEO plugin. -->","yoast_head_json":{"title":"CGV - Kern Sammet AG","robots":{"index":"index","follow":"follow","max-snippet":"max-snippet:-1","max-image-preview":"max-image-preview:large","max-video-preview":"max-video-preview:-1"},"canonical":"https:\/\/www.kern-sammet.ch\/fr\/cgv\/","og_locale":"fr_FR","og_type":"article","og_title":"CGV - Kern Sammet AG","og_description":"Home CGV- Conditions g\u00e9n\u00e9rales Les pr\u00e9sentes CGV r\u00e9gissent la relation contractuelle entre Kern &amp; Sammet AG et ses clients concernant la commande et\/ou l\u2019achat de produits surgel\u00e9s. Elles font partie int\u00e9grante de tout contrat (oral ou \u00e9crit) conclu entre Kern &amp; Sammet AG et le client. Download: CGV","og_url":"https:\/\/www.kern-sammet.ch\/fr\/cgv\/","og_site_name":"Kern Sammet AG","article_publisher":"https:\/\/www.facebook.com\/kernsammet\/","article_modified_time":"2024-08-27T06:59:48+00:00","twitter_card":"summary_large_image","twitter_misc":{"Dur\u00e9e de lecture estim\u00e9e":"1 minute"},"schema":{"@context":"https:\/\/schema.org","@graph":[{"@type":"WebPage","@id":"https:\/\/www.kern-sammet.ch\/fr\/cgv\/","url":"https:\/\/www.kern-sammet.ch\/fr\/cgv\/","name":"CGV - Kern Sammet AG","isPartOf":{"@id":"https:\/\/www.kern-sammet.ch\/fr\/#website"},"datePublished":"2024-08-26T12:05:01+00:00","dateModified":"2024-08-27T06:59:48+00:00","breadcrumb":{"@id":"https:\/\/www.kern-sammet.ch\/fr\/cgv\/#breadcrumb"},"inLanguage":"fr-FR","potentialAction":[{"@type":"ReadAction","target":["https:\/\/www.kern-sammet.ch\/fr\/cgv\/"]}]},{"@type":"BreadcrumbList","@id":"https:\/\/www.kern-sammet.ch\/fr\/cgv\/#breadcrumb","itemListElement":[{"@type":"ListItem","position":1,"name":"Startseite","item":"https:\/\/www.kern-sammet.ch\/fr\/"},{"@type":"ListItem","position":2,"name":"CGV"}]},{"@type":"WebSite","@id":"https:\/\/www.kern-sammet.ch\/fr\/#website","url":"https:\/\/www.kern-sammet.ch\/fr\/","name":"Kern & Sammet AG","description":"","publisher":{"@id":"https:\/\/www.kern-sammet.ch\/fr\/#organization"},"potentialAction":[{"@type":"SearchAction","target":{"@type":"EntryPoint","urlTemplate":"https:\/\/www.kern-sammet.ch\/fr\/?s={search_term_string}"},"query-input":{"@type":"PropertyValueSpecification","valueRequired":true,"valueName":"search_term_string"}}],"inLanguage":"fr-FR"},{"@type":"Organization","@id":"https:\/\/www.kern-sammet.ch\/fr\/#organization","name":"Kern & Sammet AG","url":"https:\/\/www.kern-sammet.ch\/fr\/","logo":{"@type":"ImageObject","inLanguage":"fr-FR","@id":"https:\/\/www.kern-sammet.ch\/fr\/#\/schema\/logo\/image\/","url":"https:\/\/www.kern-sammet.ch\/wp-content\/uploads\/2023\/11\/KS_Logo_Claim_Swiss_RGB_DE.png","contentUrl":"https:\/\/www.kern-sammet.ch\/wp-content\/uploads\/2023\/11\/KS_Logo_Claim_Swiss_RGB_DE.png","width":2240,"height":585,"caption":"Kern & Sammet AG"},"image":{"@id":"https:\/\/www.kern-sammet.ch\/fr\/#\/schema\/logo\/image\/"},"sameAs":["https:\/\/www.facebook.com\/kernsammet\/"]}]}},"_links":{"self":[{"href":"https:\/\/www.kern-sammet.ch\/fr\/wp-json\/wp\/v2\/pages\/14740","targetHints":{"allow":["GET"]}}],"collection":[{"href":"https:\/\/www.kern-sammet.ch\/fr\/wp-json\/wp\/v2\/pages"}],"about":[{"href":"https:\/\/www.kern-sammet.ch\/fr\/wp-json\/wp\/v2\/types\/page"}],"author":[{"embeddable":true,"href":"https:\/\/www.kern-sammet.ch\/fr\/wp-json\/wp\/v2\/users\/13"}],"replies":[{"embeddable":true,"href":"https:\/\/www.kern-sammet.ch\/fr\/wp-json\/wp\/v2\/comments?post=14740"}],"version-history":[{"count":0,"href":"https:\/\/www.kern-sammet.ch\/fr\/wp-json\/wp\/v2\/pages\/14740\/revisions"}],"wp:attachment":[{"href":"https:\/\/www.kern-sammet.ch\/fr\/wp-json\/wp\/v2\/media?parent=14740"}],"curies":[{"name":"wp","href":"https:\/\/api.w.org\/{rel}","templated":true}]}}