{"id":13941,"date":"2023-09-07T12:22:08","date_gmt":"2023-09-07T12:22:08","guid":{"rendered":"https:\/\/www.kern-sammet.ch\/mentions-legales\/"},"modified":"2024-05-06T12:24:53","modified_gmt":"2024-05-06T12:24:53","slug":"mentions-legales","status":"publish","type":"page","link":"https:\/\/www.kern-sammet.ch\/fr\/mentions-legales\/","title":{"rendered":"Mentions l\u00e9gales"},"content":{"rendered":"\t\t<div data-elementor-type=\"wp-page\" data-elementor-id=\"13941\" class=\"elementor elementor-13941 elementor-255\" data-elementor-post-type=\"page\">\n\t\t\t\t<div class=\"elementor-element elementor-element-c597496 e-con-full e-flex e-con e-parent\" data-id=\"c597496\" data-element_type=\"container\" data-e-type=\"container\" data-settings=\"{&quot;background_background&quot;:&quot;classic&quot;}\">\n\t\t\t\t<\/div>\n\t\t<div class=\"elementor-element elementor-element-99d1faa e-con-full e-flex e-con e-parent\" data-id=\"99d1faa\" data-element_type=\"container\" data-e-type=\"container\" data-settings=\"{&quot;background_background&quot;:&quot;classic&quot;}\">\n\t\t\t\t<div class=\"elementor-element elementor-element-e7f5c01 elementor-widget elementor-widget-pp-breadcrumbs\" data-id=\"e7f5c01\" data-element_type=\"widget\" data-e-type=\"widget\" data-settings=\"{&quot;breadcrumbs_type&quot;:&quot;powerpack&quot;}\" data-widget_type=\"pp-breadcrumbs.default\">\n\t\t\t\t<div class=\"elementor-widget-container\">\n\t\t\t\t\t<ul class=\"pp-breadcrumbs pp-breadcrumbs-powerpack\">\t\t<li class=\"pp-breadcrumbs-item pp-breadcrumbs-item-home\">\n\t\t\t<a class=\"pp-breadcrumbs-crumb pp-breadcrumbs-crumb-link pp-breadcrumbs-crumb-home\" href=\"https:\/\/www.kern-sammet.ch\/fr\/\" title=\"Homefr\">\n\t\t\t\t<span class=\"pp-breadcrumbs-text\">\n\t\t\t\t\t\t\t\t\t\t\t<span class=\"pp-icon\">\n\t\t\t\t\t\t\t<i aria-hidden=\"true\" class=\"fas fa-home\"><\/i>\t\t\t\t\t\t<\/span>\n\t\t\t\t\t\t\t\t\t\tHomefr\t\t\t\t<\/span>\n\t\t\t<\/a>\n\t\t<\/li>\n\t\t<li class=\"pp-breadcrumbs-separator\">\t\t\t\t<span class='pp-separator-icon pp-icon'>\n\t\t\t\t\t<i aria-hidden=\"true\" class=\"fas fa-angle-right\"><\/i>\t\t\t\t<\/span>\n\t\t\t\t<\/li><\/ul>\t\t\t\t<\/div>\n\t\t\t\t<\/div>\n\t\t\t\t<\/div>\n\t\t<div class=\"elementor-element elementor-element-cefac12 e-con-full e-flex e-con e-parent\" data-id=\"cefac12\" data-element_type=\"container\" data-e-type=\"container\" data-settings=\"{&quot;background_background&quot;:&quot;classic&quot;}\">\n\t\t\t\t<div class=\"elementor-element elementor-element-e9306d3 elementor-widget elementor-widget-heading\" data-id=\"e9306d3\" data-element_type=\"widget\" data-e-type=\"widget\" data-widget_type=\"heading.default\">\n\t\t\t\t<div class=\"elementor-widget-container\">\n\t\t\t\t\t<h2 class=\"elementor-heading-title elementor-size-default\">Kontakt<\/h2>\t\t\t\t<\/div>\n\t\t\t\t<\/div>\n\t\t<div class=\"elementor-element elementor-element-ba569b9 e-flex e-con-boxed e-con e-child\" data-id=\"ba569b9\" data-element_type=\"container\" data-e-type=\"container\">\n\t\t\t\t\t<div class=\"e-con-inner\">\n\t\t<div class=\"elementor-element elementor-element-02cd5b1 e-flex e-con-boxed e-con e-child\" data-id=\"02cd5b1\" data-element_type=\"container\" data-e-type=\"container\">\n\t\t\t\t\t<div class=\"e-con-inner\">\n\t\t\t\t<div class=\"elementor-element elementor-element-6e8ac22 elementor-icon-list--layout-traditional elementor-list-item-link-full_width elementor-widget elementor-widget-icon-list\" data-id=\"6e8ac22\" data-element_type=\"widget\" data-e-type=\"widget\" data-widget_type=\"icon-list.default\">\n\t\t\t\t<div class=\"elementor-widget-container\">\n\t\t\t\t\t\t\t<ul class=\"elementor-icon-list-items\">\n\t\t\t\t\t\t\t<li class=\"elementor-icon-list-item\">\n\t\t\t\t\t\t\t\t\t\t\t<a href=\"https:\/\/maps.app.goo.gl\/bYyPUQjNXyTjCoFV7\" target=\"_blank\">\n\n\t\t\t\t\t\t\t\t\t\t\t\t<span class=\"elementor-icon-list-icon\">\n\t\t\t\t\t\t\t<svg xmlns=\"http:\/\/www.w3.org\/2000\/svg\" xmlns:xlink=\"http:\/\/www.w3.org\/1999\/xlink\" id=\"Group_170\" data-name=\"Group 170\" width=\"23\" height=\"32\" viewBox=\"0 0 23 32\"><defs><clipPath id=\"clip-path\"><rect id=\"Rectangle_368\" data-name=\"Rectangle 368\" width=\"23\" height=\"32\" fill=\"#50aee4\"><\/rect><\/clipPath><\/defs><g id=\"Group_168\" data-name=\"Group 168\" clip-path=\"url(#clip-path)\"><path id=\"Path_283\" data-name=\"Path 283\" d=\"M23,11.474a11.5,11.5,0,0,0-23,0,11.364,11.364,0,0,0,1.889,6.284h0l.054.079.019.029,3.231,4.8,2.684,3.971L8.931,28.2h0L11.5,32l2.568-3.8L16.3,24.89,17.576,23l0,0,.264-.392,0,0,3.209-4.76c.006-.01.013-.019.02-.029l.04-.061h0A11.353,11.353,0,0,0,23,11.474m-3.556,5.179-.041.063-.007.011-3.189,4.731c-.013.019-.026.038-.038.058l-.25.369L14.646,23.77l-2.235,3.309L11.5,28.428l-.911-1.349L9.532,25.516,6.85,21.547,3.6,16.727q-.023-.037-.045-.072A9.357,9.357,0,0,1,2,11.474a9.5,9.5,0,0,1,19,0,9.369,9.369,0,0,1-1.556,5.179\" fill=\"#50aee4\"><\/path><path id=\"Path_284\" data-name=\"Path 284\" d=\"M11.54,4.394a6.2,6.2,0,1,0,6.205,6.195A6.206,6.206,0,0,0,11.54,4.394m0,10.39a4.2,4.2,0,1,1,4.2-4.2,4.2,4.2,0,0,1-4.2,4.2\" fill=\"#50aee4\"><\/path><\/g><\/svg>\t\t\t\t\t\t<\/span>\n\t\t\t\t\t\t\t\t\t\t<span class=\"elementor-icon-list-text\"><strong>Kern &amp; Sammet AG<\/strong> <br>Seestrasse 26 <br>8820 W\u00e4denswil<\/span>\n\t\t\t\t\t\t\t\t\t\t\t<\/a>\n\t\t\t\t\t\t\t\t\t<\/li>\n\t\t\t\t\t\t<\/ul>\n\t\t\t\t\t\t<\/div>\n\t\t\t\t<\/div>\n\t\t\t\t\t<\/div>\n\t\t\t\t<\/div>\n\t\t<div class=\"elementor-element elementor-element-724b36d e-flex e-con-boxed e-con e-child\" data-id=\"724b36d\" data-element_type=\"container\" data-e-type=\"container\">\n\t\t\t\t\t<div class=\"e-con-inner\">\n\t\t\t\t<div class=\"elementor-element elementor-element-dd8542b elementor-icon-list--layout-traditional elementor-list-item-link-full_width elementor-widget elementor-widget-icon-list\" data-id=\"dd8542b\" data-element_type=\"widget\" data-e-type=\"widget\" data-widget_type=\"icon-list.default\">\n\t\t\t\t<div class=\"elementor-widget-container\">\n\t\t\t\t\t\t\t<ul class=\"elementor-icon-list-items\">\n\t\t\t\t\t\t\t<li class=\"elementor-icon-list-item\">\n\t\t\t\t\t\t\t\t\t\t\t<a href=\"tel:+41447898242\">\n\n\t\t\t\t\t\t\t\t\t\t\t\t<span class=\"elementor-icon-list-icon\">\n\t\t\t\t\t\t\t<svg xmlns=\"http:\/\/www.w3.org\/2000\/svg\" xmlns:xlink=\"http:\/\/www.w3.org\/1999\/xlink\" id=\"Ebene_1\" x=\"0px\" y=\"0px\" width=\"42.52px\" height=\"31.18px\" viewBox=\"0 0 42.52 31.18\" xml:space=\"preserve\"><g>\t<defs>\t\t<rect id=\"SVGID_1_\" width=\"30\" height=\"30\"><\/rect>\t<\/defs>\t<clipPath id=\"SVGID_2_\">\t\t<use xlink:href=\"#SVGID_1_\"><\/use>\t<\/clipPath>\t<g id=\"Group_86\" clip-path=\"url(#SVGID_2_)\">\t\t<path id=\"Path_145\" fill=\"#52AEE2\" d=\"M29.915,13.343c-2.56-5.982-7.339-10.738-13.333-13.269   c-0.49-0.202-1.051,0.033-1.253,0.523c-0.004,0.01-0.007,0.019-0.011,0.029c-0.201,0.506,0.035,1.081,0.533,1.3   c5.528,2.333,9.936,6.72,12.295,12.237c0.15,0.356,0.498,0.589,0.886,0.592c0.138,0,0.274-0.03,0.399-0.089   c0.493-0.238,0.709-0.823,0.488-1.324\"><\/path>\t\t<path id=\"Path_146\" fill=\"#52AEE2\" d=\"M15.339,7.272c3.351,1.408,6.022,4.061,7.456,7.4c0.146,0.344,0.484,0.568,0.857,0.57   c0.133,0,0.264-0.029,0.385-0.085c0.477-0.229,0.685-0.794,0.471-1.277c-1.627-3.79-4.66-6.801-8.462-8.4   c-0.474-0.195-1.017,0.03-1.211,0.504c-0.004,0.009-0.007,0.018-0.01,0.026c-0.197,0.49,0.031,1.047,0.515,1.258\"><\/path>\t\t<path id=\"Path_147\" fill=\"#52AEE2\" d=\"M24.816,18.952c-0.828-0.954-2.271-1.058-3.227-0.231c-0.082,0.072-0.16,0.148-0.23,0.231   c-0.81,0.8-1.615,1.6-2.412,2.418c-0.094,0.121-0.234,0.196-0.389,0.209c-0.098-0.005-0.193-0.034-0.276-0.087   c-0.522-0.285-1.079-0.516-1.582-0.828c-2.303-1.49-4.346-3.348-6.047-5.5c-0.884-1.048-1.613-2.217-2.166-3.472   c-0.122-0.214-0.069-0.484,0.123-0.638c0.808-0.781,1.6-1.583,2.391-2.384c0.976-0.813,1.107-2.264,0.294-3.239   c-0.091-0.109-0.192-0.209-0.301-0.3c-0.631-0.638-1.264-1.263-1.9-1.9c-0.652-0.652-1.3-1.311-1.956-1.956   c-0.449-0.479-1.069-0.76-1.724-0.783c-0.658,0.02-1.28,0.303-1.728,0.786c-0.816,0.8-1.6,1.623-2.426,2.411   C0.521,4.382,0.079,5.333,0.024,6.345c-0.072,1.66,0.225,3.315,0.87,4.847c1.224,3.181,2.991,6.125,5.223,8.701   c2.934,3.52,6.583,6.373,10.705,8.375c1.841,0.967,3.857,1.555,5.93,1.725c0.128,0.008,0.255,0.011,0.38,0.011   c1.275,0.053,2.506-0.473,3.351-1.43c0.69-0.774,1.472-1.48,2.207-2.222c0.975-0.824,1.096-2.283,0.271-3.258   c-0.079-0.094-0.166-0.18-0.258-0.26c-1.291-1.297-2.587-2.59-3.887-3.878 M27.293,24.968c-0.243,0.245-0.49,0.485-0.738,0.726   c-0.51,0.496-1.037,1.008-1.539,1.572c-0.474,0.537-1.17,0.822-1.884,0.771c-0.089,0-0.178,0-0.272-0.008   c-1.812-0.152-3.574-0.673-5.178-1.53c-3.871-1.886-7.3-4.571-10.06-7.877c-2.09-2.404-3.744-5.156-4.887-8.13   c-0.544-1.261-0.801-2.627-0.751-4c0.018-0.527,0.246-1.025,0.632-1.384c0.511-0.487,1-0.986,1.5-1.485   C4.43,3.306,4.745,2.989,5.068,2.671c0.088-0.108,0.21-0.185,0.346-0.218C5.552,2.485,5.675,2.562,5.766,2.67   c0.433,0.424,0.86,0.854,1.287,1.285l0.648,0.649C8.023,4.93,8.344,5.251,8.665,5.573c0.321,0.322,0.622,0.621,0.933,0.936   c0.364,0.365,0.341,0.429,0.006,0.767L9.273,7.611C8.6,8.291,7.928,8.967,7.218,9.654c-0.758,0.719-0.976,1.84-0.544,2.791   c0.623,1.43,1.449,2.761,2.455,3.952c1.836,2.322,4.043,4.326,6.532,5.93c0.363,0.219,0.737,0.419,1.122,0.6   c0.188,0.092,0.375,0.184,0.531,0.27c0.379,0.22,0.807,0.338,1.244,0.341c0.686-0.005,1.338-0.295,1.801-0.8   c0.777-0.801,1.568-1.58,2.389-2.4c0.088-0.106,0.207-0.183,0.34-0.217c0.135,0.033,0.255,0.109,0.344,0.217   c1.294,1.287,2.587,2.577,3.877,3.87c0.301,0.3,0.33,0.399-0.016,0.748\"><\/path>\t<\/g><\/g><\/svg>\t\t\t\t\t\t<\/span>\n\t\t\t\t\t\t\t\t\t\t<span class=\"elementor-icon-list-text\">+41 44 789 82 82<\/span>\n\t\t\t\t\t\t\t\t\t\t\t<\/a>\n\t\t\t\t\t\t\t\t\t<\/li>\n\t\t\t\t\t\t<\/ul>\n\t\t\t\t\t\t<\/div>\n\t\t\t\t<\/div>\n\t\t\t\t<div class=\"elementor-element elementor-element-2c7e47f elementor-icon-list--layout-traditional elementor-list-item-link-full_width elementor-widget elementor-widget-icon-list\" data-id=\"2c7e47f\" data-element_type=\"widget\" data-e-type=\"widget\" data-widget_type=\"icon-list.default\">\n\t\t\t\t<div class=\"elementor-widget-container\">\n\t\t\t\t\t\t\t<ul class=\"elementor-icon-list-items\">\n\t\t\t\t\t\t\t<li class=\"elementor-icon-list-item\">\n\t\t\t\t\t\t\t\t\t\t\t<a href=\"tel:+41447898283\">\n\n\t\t\t\t\t\t\t\t\t\t\t\t<span class=\"elementor-icon-list-icon\">\n\t\t\t\t\t\t\t<i aria-hidden=\"true\" class=\"fas fa-fax\"><\/i>\t\t\t\t\t\t<\/span>\n\t\t\t\t\t\t\t\t\t\t<span class=\"elementor-icon-list-text\">+41 44 789 82 83<\/span>\n\t\t\t\t\t\t\t\t\t\t\t<\/a>\n\t\t\t\t\t\t\t\t\t<\/li>\n\t\t\t\t\t\t\t\t<li class=\"elementor-icon-list-item\">\n\t\t\t\t\t\t\t\t\t\t\t<a href=\"mailto:sandra.brandt@kern-sammet.ch\">\n\n\t\t\t\t\t\t\t\t\t\t\t\t<span class=\"elementor-icon-list-icon\">\n\t\t\t\t\t\t\t<i aria-hidden=\"true\" class=\"far fa-envelope\"><\/i>\t\t\t\t\t\t<\/span>\n\t\t\t\t\t\t\t\t\t\t<span class=\"elementor-icon-list-text\">info@kern-sammet.ch<\/span>\n\t\t\t\t\t\t\t\t\t\t\t<\/a>\n\t\t\t\t\t\t\t\t\t<\/li>\n\t\t\t\t\t\t<\/ul>\n\t\t\t\t\t\t<\/div>\n\t\t\t\t<\/div>\n\t\t\t\t\t<\/div>\n\t\t\t\t<\/div>\n\t\t\t\t\t<\/div>\n\t\t\t\t<\/div>\n\t\t\t\t<div class=\"elementor-element elementor-element-9696997 elementor-widget elementor-widget-heading\" data-id=\"9696997\" data-element_type=\"widget\" data-e-type=\"widget\" data-widget_type=\"heading.default\">\n\t\t\t\t<div class=\"elementor-widget-container\">\n\t\t\t\t\t<h2 class=\"elementor-heading-title elementor-size-default\">Inscription au registre du commerce<\/h2>\t\t\t\t<\/div>\n\t\t\t\t<\/div>\n\t\t\t\t<div class=\"elementor-element elementor-element-9a7b7b7 elementor-widget elementor-widget-text-editor\" data-id=\"9a7b7b7\" data-element_type=\"widget\" data-e-type=\"widget\" data-widget_type=\"text-editor.default\">\n\t\t\t\t<div class=\"elementor-widget-container\">\n\t\t\t\t\t\t\t\t\t<p>Nom de l&#8217;entreprise enregistr\u00e9e : Kern &amp; Sammet AG<\/p><p>Num\u00e9ro de r\u00e9f\u00e9rence RC : CH-020.3.914.693-7<\/p><p>Office comp\u00e9tent : Office du registre du commerce du canton de Zurich<\/p><p>Num\u00e9ro de TVA : CHE-107.890.525 MWST<\/p>\t\t\t\t\t\t\t\t<\/div>\n\t\t\t\t<\/div>\n\t\t\t\t<\/div>\n\t\t\t\t<\/div>\n\t\t","protected":false},"excerpt":{"rendered":"<p>Homefr Kontakt Kern &amp; Sammet AG Seestrasse 26 8820 W\u00e4denswil +41 44 789 82 82 +41 44 789 82 83 info@kern-sammet.ch Inscription au registre du commerce Nom de l&#8217;entreprise enregistr\u00e9e : Kern &amp; Sammet AG Num\u00e9ro de r\u00e9f\u00e9rence RC : CH-020.3.914.693-7 Office comp\u00e9tent : Office du registre du commerce du canton de Zurich Num\u00e9ro de [&hellip;]<\/p>\n","protected":false},"author":1,"featured_media":0,"parent":0,"menu_order":0,"comment_status":"closed","ping_status":"closed","template":"","meta":{"_acf_changed":false,"footnotes":""},"class_list":["post-13941","page","type-page","status-publish","hentry"],"acf":[],"yoast_head":"<!-- This site is optimized with the Yoast SEO plugin v27.4 - https:\/\/yoast.com\/product\/yoast-seo-wordpress\/ -->\n<title>Mentions l\u00e9gales - Kern Sammet AG<\/title>\n<meta name=\"robots\" content=\"index, follow, max-snippet:-1, max-image-preview:large, max-video-preview:-1\" \/>\n<link rel=\"canonical\" href=\"https:\/\/www.kern-sammet.ch\/fr\/mentions-legales\/\" \/>\n<meta property=\"og:locale\" content=\"fr_FR\" \/>\n<meta property=\"og:type\" content=\"article\" \/>\n<meta property=\"og:title\" content=\"Mentions l\u00e9gales - Kern Sammet AG\" \/>\n<meta property=\"og:description\" content=\"Homefr Kontakt Kern &amp; Sammet AG Seestrasse 26 8820 W\u00e4denswil +41 44 789 82 82 +41 44 789 82 83 info@kern-sammet.ch Inscription au registre du commerce Nom de l&#8217;entreprise enregistr\u00e9e : Kern &amp; Sammet AG Num\u00e9ro de r\u00e9f\u00e9rence RC : CH-020.3.914.693-7 Office comp\u00e9tent : Office du registre du commerce du canton de Zurich Num\u00e9ro de [&hellip;]\" \/>\n<meta property=\"og:url\" content=\"https:\/\/www.kern-sammet.ch\/fr\/mentions-legales\/\" \/>\n<meta property=\"og:site_name\" content=\"Kern Sammet AG\" \/>\n<meta property=\"article:publisher\" content=\"https:\/\/www.facebook.com\/kernsammet\/\" \/>\n<meta property=\"article:modified_time\" content=\"2024-05-06T12:24:53+00:00\" \/>\n<meta name=\"twitter:card\" content=\"summary_large_image\" \/>\n<meta name=\"twitter:label1\" content=\"Dur\u00e9e de lecture estim\u00e9e\" \/>\n\t<meta name=\"twitter:data1\" content=\"1 minute\" \/>\n<script type=\"application\/ld+json\" class=\"yoast-schema-graph\">{\"@context\":\"https:\\\/\\\/schema.org\",\"@graph\":[{\"@type\":\"WebPage\",\"@id\":\"https:\\\/\\\/www.kern-sammet.ch\\\/fr\\\/mentions-legales\\\/\",\"url\":\"https:\\\/\\\/www.kern-sammet.ch\\\/fr\\\/mentions-legales\\\/\",\"name\":\"Mentions l\u00e9gales - Kern Sammet AG\",\"isPartOf\":{\"@id\":\"https:\\\/\\\/www.kern-sammet.ch\\\/fr\\\/#website\"},\"datePublished\":\"2023-09-07T12:22:08+00:00\",\"dateModified\":\"2024-05-06T12:24:53+00:00\",\"breadcrumb\":{\"@id\":\"https:\\\/\\\/www.kern-sammet.ch\\\/fr\\\/mentions-legales\\\/#breadcrumb\"},\"inLanguage\":\"fr-FR\",\"potentialAction\":[{\"@type\":\"ReadAction\",\"target\":[\"https:\\\/\\\/www.kern-sammet.ch\\\/fr\\\/mentions-legales\\\/\"]}]},{\"@type\":\"BreadcrumbList\",\"@id\":\"https:\\\/\\\/www.kern-sammet.ch\\\/fr\\\/mentions-legales\\\/#breadcrumb\",\"itemListElement\":[{\"@type\":\"ListItem\",\"position\":1,\"name\":\"Startseite\",\"item\":\"https:\\\/\\\/www.kern-sammet.ch\\\/fr\\\/\"},{\"@type\":\"ListItem\",\"position\":2,\"name\":\"Mentions l\u00e9gales\"}]},{\"@type\":\"WebSite\",\"@id\":\"https:\\\/\\\/www.kern-sammet.ch\\\/fr\\\/#website\",\"url\":\"https:\\\/\\\/www.kern-sammet.ch\\\/fr\\\/\",\"name\":\"Kern & Sammet AG\",\"description\":\"\",\"publisher\":{\"@id\":\"https:\\\/\\\/www.kern-sammet.ch\\\/fr\\\/#organization\"},\"potentialAction\":[{\"@type\":\"SearchAction\",\"target\":{\"@type\":\"EntryPoint\",\"urlTemplate\":\"https:\\\/\\\/www.kern-sammet.ch\\\/fr\\\/?s={search_term_string}\"},\"query-input\":{\"@type\":\"PropertyValueSpecification\",\"valueRequired\":true,\"valueName\":\"search_term_string\"}}],\"inLanguage\":\"fr-FR\"},{\"@type\":\"Organization\",\"@id\":\"https:\\\/\\\/www.kern-sammet.ch\\\/fr\\\/#organization\",\"name\":\"Kern & Sammet AG\",\"url\":\"https:\\\/\\\/www.kern-sammet.ch\\\/fr\\\/\",\"logo\":{\"@type\":\"ImageObject\",\"inLanguage\":\"fr-FR\",\"@id\":\"https:\\\/\\\/www.kern-sammet.ch\\\/fr\\\/#\\\/schema\\\/logo\\\/image\\\/\",\"url\":\"https:\\\/\\\/www.kern-sammet.ch\\\/wp-content\\\/uploads\\\/2023\\\/11\\\/KS_Logo_Claim_Swiss_RGB_DE.png\",\"contentUrl\":\"https:\\\/\\\/www.kern-sammet.ch\\\/wp-content\\\/uploads\\\/2023\\\/11\\\/KS_Logo_Claim_Swiss_RGB_DE.png\",\"width\":2240,\"height\":585,\"caption\":\"Kern & Sammet AG\"},\"image\":{\"@id\":\"https:\\\/\\\/www.kern-sammet.ch\\\/fr\\\/#\\\/schema\\\/logo\\\/image\\\/\"},\"sameAs\":[\"https:\\\/\\\/www.facebook.com\\\/kernsammet\\\/\"]}]}<\/script>\n<!-- \/ Yoast SEO plugin. -->","yoast_head_json":{"title":"Mentions l\u00e9gales - Kern Sammet AG","robots":{"index":"index","follow":"follow","max-snippet":"max-snippet:-1","max-image-preview":"max-image-preview:large","max-video-preview":"max-video-preview:-1"},"canonical":"https:\/\/www.kern-sammet.ch\/fr\/mentions-legales\/","og_locale":"fr_FR","og_type":"article","og_title":"Mentions l\u00e9gales - Kern Sammet AG","og_description":"Homefr Kontakt Kern &amp; Sammet AG Seestrasse 26 8820 W\u00e4denswil +41 44 789 82 82 +41 44 789 82 83 info@kern-sammet.ch Inscription au registre du commerce Nom de l&#8217;entreprise enregistr\u00e9e : Kern &amp; Sammet AG Num\u00e9ro de r\u00e9f\u00e9rence RC : CH-020.3.914.693-7 Office comp\u00e9tent : Office du registre du commerce du canton de Zurich Num\u00e9ro de [&hellip;]","og_url":"https:\/\/www.kern-sammet.ch\/fr\/mentions-legales\/","og_site_name":"Kern Sammet AG","article_publisher":"https:\/\/www.facebook.com\/kernsammet\/","article_modified_time":"2024-05-06T12:24:53+00:00","twitter_card":"summary_large_image","twitter_misc":{"Dur\u00e9e de lecture estim\u00e9e":"1 minute"},"schema":{"@context":"https:\/\/schema.org","@graph":[{"@type":"WebPage","@id":"https:\/\/www.kern-sammet.ch\/fr\/mentions-legales\/","url":"https:\/\/www.kern-sammet.ch\/fr\/mentions-legales\/","name":"Mentions l\u00e9gales - Kern Sammet AG","isPartOf":{"@id":"https:\/\/www.kern-sammet.ch\/fr\/#website"},"datePublished":"2023-09-07T12:22:08+00:00","dateModified":"2024-05-06T12:24:53+00:00","breadcrumb":{"@id":"https:\/\/www.kern-sammet.ch\/fr\/mentions-legales\/#breadcrumb"},"inLanguage":"fr-FR","potentialAction":[{"@type":"ReadAction","target":["https:\/\/www.kern-sammet.ch\/fr\/mentions-legales\/"]}]},{"@type":"BreadcrumbList","@id":"https:\/\/www.kern-sammet.ch\/fr\/mentions-legales\/#breadcrumb","itemListElement":[{"@type":"ListItem","position":1,"name":"Startseite","item":"https:\/\/www.kern-sammet.ch\/fr\/"},{"@type":"ListItem","position":2,"name":"Mentions l\u00e9gales"}]},{"@type":"WebSite","@id":"https:\/\/www.kern-sammet.ch\/fr\/#website","url":"https:\/\/www.kern-sammet.ch\/fr\/","name":"Kern & Sammet AG","description":"","publisher":{"@id":"https:\/\/www.kern-sammet.ch\/fr\/#organization"},"potentialAction":[{"@type":"SearchAction","target":{"@type":"EntryPoint","urlTemplate":"https:\/\/www.kern-sammet.ch\/fr\/?s={search_term_string}"},"query-input":{"@type":"PropertyValueSpecification","valueRequired":true,"valueName":"search_term_string"}}],"inLanguage":"fr-FR"},{"@type":"Organization","@id":"https:\/\/www.kern-sammet.ch\/fr\/#organization","name":"Kern & Sammet AG","url":"https:\/\/www.kern-sammet.ch\/fr\/","logo":{"@type":"ImageObject","inLanguage":"fr-FR","@id":"https:\/\/www.kern-sammet.ch\/fr\/#\/schema\/logo\/image\/","url":"https:\/\/www.kern-sammet.ch\/wp-content\/uploads\/2023\/11\/KS_Logo_Claim_Swiss_RGB_DE.png","contentUrl":"https:\/\/www.kern-sammet.ch\/wp-content\/uploads\/2023\/11\/KS_Logo_Claim_Swiss_RGB_DE.png","width":2240,"height":585,"caption":"Kern & Sammet AG"},"image":{"@id":"https:\/\/www.kern-sammet.ch\/fr\/#\/schema\/logo\/image\/"},"sameAs":["https:\/\/www.facebook.com\/kernsammet\/"]}]}},"_links":{"self":[{"href":"https:\/\/www.kern-sammet.ch\/fr\/wp-json\/wp\/v2\/pages\/13941","targetHints":{"allow":["GET"]}}],"collection":[{"href":"https:\/\/www.kern-sammet.ch\/fr\/wp-json\/wp\/v2\/pages"}],"about":[{"href":"https:\/\/www.kern-sammet.ch\/fr\/wp-json\/wp\/v2\/types\/page"}],"author":[{"embeddable":true,"href":"https:\/\/www.kern-sammet.ch\/fr\/wp-json\/wp\/v2\/users\/1"}],"replies":[{"embeddable":true,"href":"https:\/\/www.kern-sammet.ch\/fr\/wp-json\/wp\/v2\/comments?post=13941"}],"version-history":[{"count":0,"href":"https:\/\/www.kern-sammet.ch\/fr\/wp-json\/wp\/v2\/pages\/13941\/revisions"}],"wp:attachment":[{"href":"https:\/\/www.kern-sammet.ch\/fr\/wp-json\/wp\/v2\/media?parent=13941"}],"curies":[{"name":"wp","href":"https:\/\/api.w.org\/{rel}","templated":true}]}}