{"id":13929,"date":"2024-01-15T12:55:10","date_gmt":"2024-01-15T12:55:10","guid":{"rendered":"https:\/\/www.kern-sammet.ch\/commande-catalogue\/"},"modified":"2024-04-26T12:19:36","modified_gmt":"2024-04-26T12:19:36","slug":"commande-catalogue","status":"publish","type":"page","link":"https:\/\/www.kern-sammet.ch\/fr\/commande-catalogue\/","title":{"rendered":"Commande catalogue"},"content":{"rendered":"\t\t<div data-elementor-type=\"wp-page\" data-elementor-id=\"13929\" class=\"elementor elementor-13929 elementor-5027\" data-elementor-post-type=\"page\">\n\t\t\t\t<div class=\"elementor-element elementor-element-41f5ad4 e-con-full e-flex e-con e-parent\" data-id=\"41f5ad4\" data-element_type=\"container\" data-e-type=\"container\" data-settings=\"{&quot;background_background&quot;:&quot;classic&quot;}\">\n\t\t\t\t<\/div>\n\t\t<div class=\"elementor-element elementor-element-786f488 e-con-full e-flex e-con e-parent\" data-id=\"786f488\" data-element_type=\"container\" data-e-type=\"container\" data-settings=\"{&quot;background_background&quot;:&quot;classic&quot;}\">\n\t\t\t\t<div class=\"elementor-element elementor-element-9985c38 elementor-widget elementor-widget-pp-breadcrumbs\" data-id=\"9985c38\" data-element_type=\"widget\" data-e-type=\"widget\" data-settings=\"{&quot;breadcrumbs_type&quot;:&quot;powerpack&quot;}\" data-widget_type=\"pp-breadcrumbs.default\">\n\t\t\t\t<div class=\"elementor-widget-container\">\n\t\t\t\t\t<ul class=\"pp-breadcrumbs pp-breadcrumbs-powerpack\">\t\t<li class=\"pp-breadcrumbs-item pp-breadcrumbs-item-home\">\n\t\t\t<a class=\"pp-breadcrumbs-crumb pp-breadcrumbs-crumb-link pp-breadcrumbs-crumb-home\" href=\"https:\/\/www.kern-sammet.ch\/fr\/\" title=\"Homefr\">\n\t\t\t\t<span class=\"pp-breadcrumbs-text\">\n\t\t\t\t\t\t\t\t\t\t\t<span class=\"pp-icon\">\n\t\t\t\t\t\t\t<i aria-hidden=\"true\" class=\"fas fa-home\"><\/i>\t\t\t\t\t\t<\/span>\n\t\t\t\t\t\t\t\t\t\tHomefr\t\t\t\t<\/span>\n\t\t\t<\/a>\n\t\t<\/li>\n\t\t<li class=\"pp-breadcrumbs-separator\">\t\t\t\t<span class='pp-separator-icon pp-icon'>\n\t\t\t\t\t<i aria-hidden=\"true\" class=\"fas fa-angle-right\"><\/i>\t\t\t\t<\/span>\n\t\t\t\t<\/li><\/ul>\t\t\t\t<\/div>\n\t\t\t\t<\/div>\n\t\t\t\t<\/div>\n\t\t<div class=\"elementor-element elementor-element-84a4490 e-flex e-con-boxed e-con e-parent\" data-id=\"84a4490\" data-element_type=\"container\" data-e-type=\"container\" data-settings=\"{&quot;background_background&quot;:&quot;classic&quot;}\">\n\t\t\t\t\t<div class=\"e-con-inner\">\n\t\t\t\t<div class=\"elementor-element elementor-element-d54fd39 unser-heading elementor-widget elementor-widget-heading\" data-id=\"d54fd39\" data-element_type=\"widget\" data-e-type=\"widget\" data-widget_type=\"heading.default\">\n\t\t\t\t<div class=\"elementor-widget-container\">\n\t\t\t\t\t<h2 class=\"elementor-heading-title elementor-size-default\">Commande catalogue: <\/h2>\t\t\t\t<\/div>\n\t\t\t\t<\/div>\n\t\t\t\t\t<\/div>\n\t\t\t\t<\/div>\n\t\t<div class=\"elementor-element elementor-element-7b81f12 e-flex e-con-boxed e-con e-parent\" data-id=\"7b81f12\" data-element_type=\"container\" data-e-type=\"container\">\n\t\t\t\t\t<div class=\"e-con-inner\">\n\t\t\t\t<div class=\"elementor-element elementor-element-9a2f44e my-form elementor-button-align-stretch elementor-widget elementor-widget-form\" data-id=\"9a2f44e\" data-element_type=\"widget\" data-e-type=\"widget\" data-settings=\"{&quot;step_next_label&quot;:&quot;suivant&quot;,&quot;step_previous_label&quot;:&quot;Pr\\u00e9c\\u00e9dent&quot;,&quot;button_width&quot;:&quot;100&quot;,&quot;step_type&quot;:&quot;number_text&quot;,&quot;step_icon_shape&quot;:&quot;circle&quot;}\" data-widget_type=\"form.default\">\n\t\t\t\t<div class=\"elementor-widget-container\">\n\t\t\t\t\t\t\t<form class=\"elementor-form\" method=\"post\" name=\"Neues Formular\" aria-label=\"Neues Formular\">\n\t\t\t<input type=\"hidden\" name=\"post_id\" value=\"13929\"\/>\n\t\t\t<input type=\"hidden\" name=\"form_id\" value=\"9a2f44e\"\/>\n\t\t\t<input type=\"hidden\" name=\"referer_title\" value=\"Commande catalogue - Kern Sammet AG\" \/>\n\n\t\t\t\t\t\t\t<input type=\"hidden\" name=\"queried_id\" value=\"13929\"\/>\n\t\t\t\n\t\t\t<div class=\"elementor-form-fields-wrapper elementor-labels-above\">\n\t\t\t\t\t\t\t\t<div class=\"elementor-field-type-html elementor-field-group elementor-column elementor-field-group-field_e9e465f elementor-col-20\">\n\t\t\t\t\tSalutation\t\t\t\t<\/div>\n\t\t\t\t\t\t\t\t<div class=\"elementor-field-type-checkbox elementor-field-group elementor-column elementor-field-group-field_3e1356d elementor-col-80\">\n\t\t\t\t\t<div class=\"elementor-field-subgroup  elementor-subgroup-inline\"><span class=\"elementor-field-option\"><input type=\"checkbox\" value=\"Monsieur\" id=\"form-field-field_3e1356d-0\" name=\"form_fields[field_3e1356d][]\"> <label for=\"form-field-field_3e1356d-0\">Monsieur<\/label><\/span><span class=\"elementor-field-option\"><input type=\"checkbox\" value=\"Madame\" id=\"form-field-field_3e1356d-1\" name=\"form_fields[field_3e1356d][]\"> <label for=\"form-field-field_3e1356d-1\">Madame<\/label><\/span><\/div>\t\t\t\t<\/div>\n\t\t\t\t\t\t\t\t<div class=\"elementor-field-type-text elementor-field-group elementor-column elementor-field-group-name elementor-col-50 elementor-field-required\">\n\t\t\t\t\t\t\t\t\t\t\t\t<label for=\"form-field-name\" class=\"elementor-field-label\">\n\t\t\t\t\t\t\t\tNom de famille*\t\t\t\t\t\t\t<\/label>\n\t\t\t\t\t\t\t\t\t\t\t\t\t\t<input size=\"1\" type=\"text\" name=\"form_fields[name]\" id=\"form-field-name\" class=\"elementor-field elementor-size-sm  elementor-field-textual\" required=\"required\">\n\t\t\t\t\t\t\t\t\t\t\t<\/div>\n\t\t\t\t\t\t\t\t<div class=\"elementor-field-type-text elementor-field-group elementor-column elementor-field-group-field_84b2c2a elementor-col-50 elementor-field-required\">\n\t\t\t\t\t\t\t\t\t\t\t\t<label for=\"form-field-field_84b2c2a\" class=\"elementor-field-label\">\n\t\t\t\t\t\t\t\tPr\u00e9nom*\t\t\t\t\t\t\t<\/label>\n\t\t\t\t\t\t\t\t\t\t\t\t\t\t<input size=\"1\" type=\"text\" name=\"form_fields[field_84b2c2a]\" id=\"form-field-field_84b2c2a\" class=\"elementor-field elementor-size-sm  elementor-field-textual\" required=\"required\">\n\t\t\t\t\t\t\t\t\t\t\t<\/div>\n\t\t\t\t\t\t\t\t<div class=\"elementor-field-type-text elementor-field-group elementor-column elementor-field-group-field_1702f0f elementor-col-50 elementor-field-required\">\n\t\t\t\t\t\t\t\t\t\t\t\t<label for=\"form-field-field_1702f0f\" class=\"elementor-field-label\">\n\t\t\t\t\t\t\t\tentreprise*\t\t\t\t\t\t\t<\/label>\n\t\t\t\t\t\t\t\t\t\t\t\t\t\t<input size=\"1\" type=\"text\" name=\"form_fields[field_1702f0f]\" id=\"form-field-field_1702f0f\" class=\"elementor-field elementor-size-sm  elementor-field-textual\" required=\"required\">\n\t\t\t\t\t\t\t\t\t\t\t<\/div>\n\t\t\t\t\t\t\t\t<div class=\"elementor-field-type-text elementor-field-group elementor-column elementor-field-group-field_15e73d0 elementor-col-50 elementor-field-required\">\n\t\t\t\t\t\t\t\t\t\t\t\t<label for=\"form-field-field_15e73d0\" class=\"elementor-field-label\">\n\t\t\t\t\t\t\t\tfonction*\t\t\t\t\t\t\t<\/label>\n\t\t\t\t\t\t\t\t\t\t\t\t\t\t<input size=\"1\" type=\"text\" name=\"form_fields[field_15e73d0]\" id=\"form-field-field_15e73d0\" class=\"elementor-field elementor-size-sm  elementor-field-textual\" required=\"required\">\n\t\t\t\t\t\t\t\t\t\t\t<\/div>\n\t\t\t\t\t\t\t\t<div class=\"elementor-field-type-text elementor-field-group elementor-column elementor-field-group-field_b416af6 elementor-col-50 elementor-field-required\">\n\t\t\t\t\t\t\t\t\t\t\t\t<label for=\"form-field-field_b416af6\" class=\"elementor-field-label\">\n\t\t\t\t\t\t\t\tRue, non.*\t\t\t\t\t\t\t<\/label>\n\t\t\t\t\t\t\t\t\t\t\t\t\t\t<input size=\"1\" type=\"text\" name=\"form_fields[field_b416af6]\" id=\"form-field-field_b416af6\" class=\"elementor-field elementor-size-sm  elementor-field-textual\" required=\"required\">\n\t\t\t\t\t\t\t\t\t\t\t<\/div>\n\t\t\t\t\t\t\t\t<div class=\"elementor-field-type-number elementor-field-group elementor-column elementor-field-group-field_28691f1 elementor-col-20 elementor-field-required\">\n\t\t\t\t\t\t\t\t\t\t\t\t<label for=\"form-field-field_28691f1\" class=\"elementor-field-label\">\n\t\t\t\t\t\t\t\tCode Postal*\t\t\t\t\t\t\t<\/label>\n\t\t\t\t\t\t\t\t\t<input type=\"number\" name=\"form_fields[field_28691f1]\" id=\"form-field-field_28691f1\" class=\"elementor-field elementor-size-sm  elementor-field-textual\" required=\"required\" min=\"1000\" max=\"9999\" >\n\t\t\t\t\t\t<\/div>\n\t\t\t\t\t\t\t\t<div class=\"elementor-field-type-text elementor-field-group elementor-column elementor-field-group-field_0c67312 elementor-col-30 elementor-field-required\">\n\t\t\t\t\t\t\t\t\t\t\t\t<label for=\"form-field-field_0c67312\" class=\"elementor-field-label\">\n\t\t\t\t\t\t\t\tEmplacement*\t\t\t\t\t\t\t<\/label>\n\t\t\t\t\t\t\t\t\t\t\t\t\t\t<input size=\"1\" type=\"text\" name=\"form_fields[field_0c67312]\" id=\"form-field-field_0c67312\" class=\"elementor-field elementor-size-sm  elementor-field-textual\" required=\"required\">\n\t\t\t\t\t\t\t\t\t\t\t<\/div>\n\t\t\t\t\t\t\t\t<div class=\"elementor-field-type-email elementor-field-group elementor-column elementor-field-group-email elementor-col-50 elementor-field-required\">\n\t\t\t\t\t\t\t\t\t\t\t\t<label for=\"form-field-email\" class=\"elementor-field-label\">\n\t\t\t\t\t\t\t\tE-Mail*\t\t\t\t\t\t\t<\/label>\n\t\t\t\t\t\t\t\t\t\t\t\t\t\t<input size=\"1\" type=\"email\" name=\"form_fields[email]\" id=\"form-field-email\" class=\"elementor-field elementor-size-sm  elementor-field-textual\" required=\"required\">\n\t\t\t\t\t\t\t\t\t\t\t<\/div>\n\t\t\t\t\t\t\t\t<div class=\"elementor-field-type-tel elementor-field-group elementor-column elementor-field-group-field_ab3fc51 elementor-col-50 elementor-field-required\">\n\t\t\t\t\t\t\t\t\t\t\t\t<label for=\"form-field-field_ab3fc51\" class=\"elementor-field-label\">\n\t\t\t\t\t\t\t\tt\u00e9l\u00e9phone*\t\t\t\t\t\t\t<\/label>\n\t\t\t\t\t\t\t\t<input size=\"1\" type=\"tel\" name=\"form_fields[field_ab3fc51]\" id=\"form-field-field_ab3fc51\" class=\"elementor-field elementor-size-sm  elementor-field-textual\" required=\"required\" pattern=\"[0-9()#&amp;+*-=.]+\" title=\"Seuls les caract\u00e8res de num\u00e9ros de t\u00e9l\u00e9phone (#, -, *, etc.) sont accept\u00e9s.\">\n\n\t\t\t\t\t\t<\/div>\n\t\t\t\t\t\t\t\t<div class=\"elementor-field-type-textarea elementor-field-group elementor-column elementor-field-group-message elementor-col-100\">\n\t\t\t\t\t\t\t\t\t\t\t\t<label for=\"form-field-message\" class=\"elementor-field-label\">\n\t\t\t\t\t\t\t\tRemarques\t\t\t\t\t\t\t<\/label>\n\t\t\t\t\t\t<textarea class=\"elementor-field-textual elementor-field  elementor-size-sm\" name=\"form_fields[message]\" id=\"form-field-message\" rows=\"4\"><\/textarea>\t\t\t\t<\/div>\n\t\t\t\t\t\t\t\t<div class=\"elementor-field-type-checkbox elementor-field-group elementor-column elementor-field-group-field_1222476 elementor-col-100\">\n\t\t\t\t\t<div class=\"elementor-field-subgroup  \"><span class=\"elementor-field-option\"><input type=\"checkbox\" value=\"Commander le catalogue de produits\" id=\"form-field-field_1222476-0\" name=\"form_fields[field_1222476]\"> <label for=\"form-field-field_1222476-0\">Commander le catalogue de produits<\/label><\/span><\/div>\t\t\t\t<\/div>\n\t\t\t\t\t\t\t\t<div class=\"elementor-field-type-html elementor-field-group elementor-column elementor-field-group-field_78129b8 elementor-col-100\">\n\t\t\t\t\t<br>\t\t\t\t<\/div>\n\t\t\t\t\t\t\t\t<div class=\"elementor-field-type-text\">\n\t\t\t\t\t<input size=\"1\" type=\"text\" name=\"form_fields[field_1757326]\" id=\"form-field-field_1757326\" class=\"elementor-field elementor-size-sm \" style=\"display:none !important;\">\t\t\t\t<\/div>\n\t\t\t\t\t\t\t\t<div class=\"elementor-field-group elementor-column elementor-field-type-submit elementor-col-100 e-form__buttons\">\n\t\t\t\t\t<button class=\"elementor-button elementor-size-sm elementor-animation-bob\" type=\"submit\">\n\t\t\t\t\t\t<span class=\"elementor-button-content-wrapper\">\n\t\t\t\t\t\t\t\t\t\t\t\t\t\t\t\t\t\t\t\t\t\t<span class=\"elementor-button-text\">Commander le catalogue par courrier<\/span>\n\t\t\t\t\t\t\t\t\t\t\t\t\t<\/span>\n\t\t\t\t\t<\/button>\n\t\t\t\t<\/div>\n\t\t\t<\/div>\n\t\t<\/form>\n\t\t\t\t\t\t<\/div>\n\t\t\t\t<\/div>\n\t\t\t\t\t<\/div>\n\t\t\t\t<\/div>\n\t\t\t\t<\/div>\n\t\t","protected":false},"excerpt":{"rendered":"<p>Homefr Commande catalogue:<\/p>\n","protected":false},"author":1,"featured_media":0,"parent":0,"menu_order":0,"comment_status":"closed","ping_status":"closed","template":"","meta":{"_acf_changed":false,"footnotes":""},"class_list":["post-13929","page","type-page","status-publish","hentry"],"acf":[],"yoast_head":"<!-- This site is optimized with the Yoast SEO plugin v27.1.1 - https:\/\/yoast.com\/product\/yoast-seo-wordpress\/ -->\n<title>Commande catalogue - Kern Sammet AG<\/title>\n<meta name=\"robots\" content=\"index, follow, max-snippet:-1, max-image-preview:large, max-video-preview:-1\" \/>\n<link rel=\"canonical\" href=\"https:\/\/www.kern-sammet.ch\/fr\/commande-catalogue\/\" \/>\n<meta property=\"og:locale\" content=\"fr_FR\" \/>\n<meta property=\"og:type\" content=\"article\" \/>\n<meta property=\"og:title\" content=\"Commande catalogue - Kern Sammet AG\" \/>\n<meta property=\"og:description\" content=\"Homefr Commande catalogue:\" \/>\n<meta property=\"og:url\" content=\"https:\/\/www.kern-sammet.ch\/fr\/commande-catalogue\/\" \/>\n<meta property=\"og:site_name\" content=\"Kern Sammet AG\" \/>\n<meta property=\"article:publisher\" content=\"https:\/\/www.facebook.com\/kernsammet\/\" \/>\n<meta property=\"article:modified_time\" content=\"2024-04-26T12:19:36+00:00\" \/>\n<meta name=\"twitter:card\" content=\"summary_large_image\" \/>\n<script type=\"application\/ld+json\" class=\"yoast-schema-graph\">{\"@context\":\"https:\/\/schema.org\",\"@graph\":[{\"@type\":\"WebPage\",\"@id\":\"https:\/\/www.kern-sammet.ch\/fr\/commande-catalogue\/\",\"url\":\"https:\/\/www.kern-sammet.ch\/fr\/commande-catalogue\/\",\"name\":\"Commande catalogue - Kern Sammet AG\",\"isPartOf\":{\"@id\":\"https:\/\/www.kern-sammet.ch\/fr\/#website\"},\"datePublished\":\"2024-01-15T12:55:10+00:00\",\"dateModified\":\"2024-04-26T12:19:36+00:00\",\"breadcrumb\":{\"@id\":\"https:\/\/www.kern-sammet.ch\/fr\/commande-catalogue\/#breadcrumb\"},\"inLanguage\":\"fr-FR\",\"potentialAction\":[{\"@type\":\"ReadAction\",\"target\":[\"https:\/\/www.kern-sammet.ch\/fr\/commande-catalogue\/\"]}]},{\"@type\":\"BreadcrumbList\",\"@id\":\"https:\/\/www.kern-sammet.ch\/fr\/commande-catalogue\/#breadcrumb\",\"itemListElement\":[{\"@type\":\"ListItem\",\"position\":1,\"name\":\"Startseite\",\"item\":\"https:\/\/www.kern-sammet.ch\/fr\/\"},{\"@type\":\"ListItem\",\"position\":2,\"name\":\"Commande catalogue\"}]},{\"@type\":\"WebSite\",\"@id\":\"https:\/\/www.kern-sammet.ch\/fr\/#website\",\"url\":\"https:\/\/www.kern-sammet.ch\/fr\/\",\"name\":\"Kern & Sammet AG\",\"description\":\"\",\"publisher\":{\"@id\":\"https:\/\/www.kern-sammet.ch\/fr\/#organization\"},\"potentialAction\":[{\"@type\":\"SearchAction\",\"target\":{\"@type\":\"EntryPoint\",\"urlTemplate\":\"https:\/\/www.kern-sammet.ch\/fr\/?s={search_term_string}\"},\"query-input\":{\"@type\":\"PropertyValueSpecification\",\"valueRequired\":true,\"valueName\":\"search_term_string\"}}],\"inLanguage\":\"fr-FR\"},{\"@type\":\"Organization\",\"@id\":\"https:\/\/www.kern-sammet.ch\/fr\/#organization\",\"name\":\"Kern & Sammet AG\",\"url\":\"https:\/\/www.kern-sammet.ch\/fr\/\",\"logo\":{\"@type\":\"ImageObject\",\"inLanguage\":\"fr-FR\",\"@id\":\"https:\/\/www.kern-sammet.ch\/fr\/#\/schema\/logo\/image\/\",\"url\":\"https:\/\/www.kern-sammet.ch\/wp-content\/uploads\/2023\/11\/KS_Logo_Claim_Swiss_RGB_DE.png\",\"contentUrl\":\"https:\/\/www.kern-sammet.ch\/wp-content\/uploads\/2023\/11\/KS_Logo_Claim_Swiss_RGB_DE.png\",\"width\":2240,\"height\":585,\"caption\":\"Kern & Sammet AG\"},\"image\":{\"@id\":\"https:\/\/www.kern-sammet.ch\/fr\/#\/schema\/logo\/image\/\"},\"sameAs\":[\"https:\/\/www.facebook.com\/kernsammet\/\"]}]}<\/script>\n<!-- \/ Yoast SEO plugin. -->","yoast_head_json":{"title":"Commande catalogue - Kern Sammet AG","robots":{"index":"index","follow":"follow","max-snippet":"max-snippet:-1","max-image-preview":"max-image-preview:large","max-video-preview":"max-video-preview:-1"},"canonical":"https:\/\/www.kern-sammet.ch\/fr\/commande-catalogue\/","og_locale":"fr_FR","og_type":"article","og_title":"Commande catalogue - Kern Sammet AG","og_description":"Homefr Commande catalogue:","og_url":"https:\/\/www.kern-sammet.ch\/fr\/commande-catalogue\/","og_site_name":"Kern Sammet AG","article_publisher":"https:\/\/www.facebook.com\/kernsammet\/","article_modified_time":"2024-04-26T12:19:36+00:00","twitter_card":"summary_large_image","schema":{"@context":"https:\/\/schema.org","@graph":[{"@type":"WebPage","@id":"https:\/\/www.kern-sammet.ch\/fr\/commande-catalogue\/","url":"https:\/\/www.kern-sammet.ch\/fr\/commande-catalogue\/","name":"Commande catalogue - Kern Sammet AG","isPartOf":{"@id":"https:\/\/www.kern-sammet.ch\/fr\/#website"},"datePublished":"2024-01-15T12:55:10+00:00","dateModified":"2024-04-26T12:19:36+00:00","breadcrumb":{"@id":"https:\/\/www.kern-sammet.ch\/fr\/commande-catalogue\/#breadcrumb"},"inLanguage":"fr-FR","potentialAction":[{"@type":"ReadAction","target":["https:\/\/www.kern-sammet.ch\/fr\/commande-catalogue\/"]}]},{"@type":"BreadcrumbList","@id":"https:\/\/www.kern-sammet.ch\/fr\/commande-catalogue\/#breadcrumb","itemListElement":[{"@type":"ListItem","position":1,"name":"Startseite","item":"https:\/\/www.kern-sammet.ch\/fr\/"},{"@type":"ListItem","position":2,"name":"Commande catalogue"}]},{"@type":"WebSite","@id":"https:\/\/www.kern-sammet.ch\/fr\/#website","url":"https:\/\/www.kern-sammet.ch\/fr\/","name":"Kern & Sammet AG","description":"","publisher":{"@id":"https:\/\/www.kern-sammet.ch\/fr\/#organization"},"potentialAction":[{"@type":"SearchAction","target":{"@type":"EntryPoint","urlTemplate":"https:\/\/www.kern-sammet.ch\/fr\/?s={search_term_string}"},"query-input":{"@type":"PropertyValueSpecification","valueRequired":true,"valueName":"search_term_string"}}],"inLanguage":"fr-FR"},{"@type":"Organization","@id":"https:\/\/www.kern-sammet.ch\/fr\/#organization","name":"Kern & Sammet AG","url":"https:\/\/www.kern-sammet.ch\/fr\/","logo":{"@type":"ImageObject","inLanguage":"fr-FR","@id":"https:\/\/www.kern-sammet.ch\/fr\/#\/schema\/logo\/image\/","url":"https:\/\/www.kern-sammet.ch\/wp-content\/uploads\/2023\/11\/KS_Logo_Claim_Swiss_RGB_DE.png","contentUrl":"https:\/\/www.kern-sammet.ch\/wp-content\/uploads\/2023\/11\/KS_Logo_Claim_Swiss_RGB_DE.png","width":2240,"height":585,"caption":"Kern & Sammet AG"},"image":{"@id":"https:\/\/www.kern-sammet.ch\/fr\/#\/schema\/logo\/image\/"},"sameAs":["https:\/\/www.facebook.com\/kernsammet\/"]}]}},"_links":{"self":[{"href":"https:\/\/www.kern-sammet.ch\/fr\/wp-json\/wp\/v2\/pages\/13929","targetHints":{"allow":["GET"]}}],"collection":[{"href":"https:\/\/www.kern-sammet.ch\/fr\/wp-json\/wp\/v2\/pages"}],"about":[{"href":"https:\/\/www.kern-sammet.ch\/fr\/wp-json\/wp\/v2\/types\/page"}],"author":[{"embeddable":true,"href":"https:\/\/www.kern-sammet.ch\/fr\/wp-json\/wp\/v2\/users\/1"}],"replies":[{"embeddable":true,"href":"https:\/\/www.kern-sammet.ch\/fr\/wp-json\/wp\/v2\/comments?post=13929"}],"version-history":[{"count":0,"href":"https:\/\/www.kern-sammet.ch\/fr\/wp-json\/wp\/v2\/pages\/13929\/revisions"}],"wp:attachment":[{"href":"https:\/\/www.kern-sammet.ch\/fr\/wp-json\/wp\/v2\/media?parent=13929"}],"curies":[{"name":"wp","href":"https:\/\/api.w.org\/{rel}","templated":true}]}}