{"id":13732,"date":"2024-02-06T14:37:23","date_gmt":"2024-02-06T14:37:23","guid":{"rendered":"https:\/\/www.kern-sammet.ch\/catalogue\/"},"modified":"2026-05-06T09:03:18","modified_gmt":"2026-05-06T09:03:18","slug":"catalogue","status":"publish","type":"page","link":"https:\/\/www.kern-sammet.ch\/fr\/catalogue\/","title":{"rendered":"Catalogue"},"content":{"rendered":"\t\t<div data-elementor-type=\"wp-page\" data-elementor-id=\"13732\" class=\"elementor elementor-13732 elementor-5900\" data-elementor-post-type=\"page\">\n\t\t\t\t<div class=\"elementor-element elementor-element-a8ad955 e-con-full e-flex e-con e-parent\" data-id=\"a8ad955\" data-element_type=\"container\" data-e-type=\"container\" data-settings=\"{&quot;background_background&quot;:&quot;classic&quot;}\">\n\t\t\t\t<\/div>\n\t\t<div class=\"elementor-element elementor-element-f0d23e7 e-flex e-con-boxed e-con e-parent\" data-id=\"f0d23e7\" data-element_type=\"container\" data-e-type=\"container\" data-settings=\"{&quot;background_background&quot;:&quot;classic&quot;}\">\n\t\t\t\t\t<div class=\"e-con-inner\">\n\t\t<div class=\"elementor-element elementor-element-d2de051 e-flex e-con-boxed e-con e-child\" data-id=\"d2de051\" data-element_type=\"container\" data-e-type=\"container\">\n\t\t\t\t\t<div class=\"e-con-inner\">\n\t\t\t\t<div class=\"elementor-element elementor-element-35a57f1 elementor-widget elementor-widget-pp-breadcrumbs\" data-id=\"35a57f1\" data-element_type=\"widget\" data-e-type=\"widget\" data-settings=\"{&quot;breadcrumbs_type&quot;:&quot;powerpack&quot;}\" data-widget_type=\"pp-breadcrumbs.default\">\n\t\t\t\t<div class=\"elementor-widget-container\">\n\t\t\t\t\t<ul class=\"pp-breadcrumbs pp-breadcrumbs-powerpack\">\t\t<li class=\"pp-breadcrumbs-item pp-breadcrumbs-item-home\">\n\t\t\t<a class=\"pp-breadcrumbs-crumb pp-breadcrumbs-crumb-link pp-breadcrumbs-crumb-home\" href=\"https:\/\/www.kern-sammet.ch\/fr\/\" title=\"Homefr\">\n\t\t\t\t<span class=\"pp-breadcrumbs-text\">\n\t\t\t\t\t\t\t\t\t\t\t<span class=\"pp-icon\">\n\t\t\t\t\t\t\t<i aria-hidden=\"true\" class=\"fas fa-home\"><\/i>\t\t\t\t\t\t<\/span>\n\t\t\t\t\t\t\t\t\t\tHomefr\t\t\t\t<\/span>\n\t\t\t<\/a>\n\t\t<\/li>\n\t\t<li class=\"pp-breadcrumbs-separator\">\t\t\t\t<span class='pp-separator-icon pp-icon'>\n\t\t\t\t\t<i aria-hidden=\"true\" class=\"fas fa-angle-right\"><\/i>\t\t\t\t<\/span>\n\t\t\t\t<\/li><\/ul>\t\t\t\t<\/div>\n\t\t\t\t<\/div>\n\t\t\t\t<div class=\"elementor-element elementor-element-4a2022d elementor-widget elementor-widget-heading\" data-id=\"4a2022d\" data-element_type=\"widget\" data-e-type=\"widget\" data-widget_type=\"heading.default\">\n\t\t\t\t<div class=\"elementor-widget-container\">\n\t\t\t\t\t<h2 class=\"elementor-heading-title elementor-size-default\">Commander le catalogue<\/h2>\t\t\t\t<\/div>\n\t\t\t\t<\/div>\n\t\t\t\t\t<\/div>\n\t\t\t\t<\/div>\n\t\t<div class=\"elementor-element elementor-element-724bdbd e-flex e-con-boxed e-con e-child\" data-id=\"724bdbd\" data-element_type=\"container\" data-e-type=\"container\">\n\t\t\t\t\t<div class=\"e-con-inner\">\n\t\t<div class=\"elementor-element elementor-element-e5eeedb e-flex e-con-boxed e-con e-child\" data-id=\"e5eeedb\" data-element_type=\"container\" data-e-type=\"container\">\n\t\t\t\t\t<div class=\"e-con-inner\">\n\t\t\t\t<div class=\"elementor-element elementor-element-4a4439b elementor-widget elementor-widget-heading\" data-id=\"4a4439b\" data-element_type=\"widget\" data-e-type=\"widget\" data-widget_type=\"heading.default\">\n\t\t\t\t<div class=\"elementor-widget-container\">\n\t\t\t\t\t<h6 class=\"elementor-heading-title elementor-size-default\">T\u00e9l\u00e9charger le PDF<\/h6>\t\t\t\t<\/div>\n\t\t\t\t<\/div>\n\t\t\t\t<div class=\"elementor-element elementor-element-600bf99 elementor-widget elementor-widget-image\" data-id=\"600bf99\" data-element_type=\"widget\" data-e-type=\"widget\" data-widget_type=\"image.default\">\n\t\t\t\t<div class=\"elementor-widget-container\">\n\t\t\t\t\t\t\t\t\t\t\t\t\t\t\t\t<a href=\"https:\/\/online.fliphtml5.com\/Romers\/dikd\/#p=1\" target=\"_blank\">\n\t\t\t\t\t\t\t<img decoding=\"async\" src=\"https:\/\/www.kern-sammet.ch\/wp-content\/uploads\/elementor\/thumbs\/Umschlag_Sortiment-2026_05_fr-rn1vlnymc1j886ftzomg8qayi8xes4yqt4qk5mld6o.jpg\" title=\"Umschlag_Sortiment-2026_05_fr\" alt=\"Umschlag_Sortiment-2026_05_fr\" loading=\"lazy\" \/>\t\t\t\t\t\t\t\t<\/a>\n\t\t\t\t\t\t\t\t\t\t\t\t\t\t\t<\/div>\n\t\t\t\t<\/div>\n\t\t\t\t<div class=\"elementor-element elementor-element-6010129 elementor-widget elementor-widget-html\" data-id=\"6010129\" data-element_type=\"widget\" data-e-type=\"widget\" data-widget_type=\"html.default\">\n\t\t\t\t<div class=\"elementor-widget-container\">\n\t\t\t\t\t<div class=\"kurv-cont\" data-corners=\"2\" data-wave_height=\"2.6\" data-wave_length=\"30\">\n\t\n\t<div class=\"kurv-line\"><h6><a href=\"https:\/\/online.fliphtml5.com\/Romers\/dikd\/#p=1\" target=\"_blank\">T\u00c9L\u00c9CHARGER ICI \u2192<\/a><\/h6><\/div>\n<\/div>\t\t\t\t<\/div>\n\t\t\t\t<\/div>\n\t\t\t\t\t<\/div>\n\t\t\t\t<\/div>\n\t\t\t\t<div class=\"elementor-element elementor-element-1013b3a elementor-widget__width-initial elementor-widget elementor-widget-text-editor\" data-id=\"1013b3a\" data-element_type=\"widget\" data-e-type=\"widget\" data-widget_type=\"text-editor.default\">\n\t\t\t\t<div class=\"elementor-widget-container\">\n\t\t\t\t\t\t\t\t\t<p>Vous trouverez nos produits dans le catalogue complet de la<br \/>boulangerie Romer\u2019s<br \/>\u00e0 partir de la page 74.<\/p>\t\t\t\t\t\t\t\t<\/div>\n\t\t\t\t<\/div>\n\t\t<div class=\"elementor-element elementor-element-8c0ed31 e-flex e-con-boxed e-con e-child\" data-id=\"8c0ed31\" data-element_type=\"container\" data-e-type=\"container\">\n\t\t\t\t\t<div class=\"e-con-inner\">\n\t\t\t\t<div class=\"elementor-element elementor-element-d0b13a7 elementor-widget elementor-widget-heading\" data-id=\"d0b13a7\" data-element_type=\"widget\" data-e-type=\"widget\" data-widget_type=\"heading.default\">\n\t\t\t\t<div class=\"elementor-widget-container\">\n\t\t\t\t\t<h6 class=\"elementor-heading-title elementor-size-default\">Commander avec le formulaire<\/h6>\t\t\t\t<\/div>\n\t\t\t\t<\/div>\n\t\t\t\t<div class=\"elementor-element elementor-element-c6f9573 elementor-widget elementor-widget-image\" data-id=\"c6f9573\" data-element_type=\"widget\" data-e-type=\"widget\" data-widget_type=\"image.default\">\n\t\t\t\t<div class=\"elementor-widget-container\">\n\t\t\t\t\t\t\t\t\t\t\t\t\t\t\t\t<a href=\"https:\/\/www.kern-sammet.ch\/wp-content\/uploads\/2026\/03\/20260319-Sortiment-Kern-Sammet-215x300mm-FR-NEU_low.pdf\">\n\t\t\t\t\t\t\t<img decoding=\"async\" src=\"https:\/\/www.kern-sammet.ch\/wp-content\/uploads\/elementor\/thumbs\/Umschlag_Sortiment-2026_05_fr-rn1vlnymc1j886ftzomg8qayi8xes4yqt4qk5mld6o.jpg\" title=\"Umschlag_Sortiment-2026_05_fr\" alt=\"Umschlag_Sortiment-2026_05_fr\" loading=\"lazy\" \/>\t\t\t\t\t\t\t\t<\/a>\n\t\t\t\t\t\t\t\t\t\t\t\t\t\t\t<\/div>\n\t\t\t\t<\/div>\n\t\t\t\t<div class=\"elementor-element elementor-element-b115c74 elementor-widget elementor-widget-html\" data-id=\"b115c74\" data-element_type=\"widget\" data-e-type=\"widget\" data-widget_type=\"html.default\">\n\t\t\t\t<div class=\"elementor-widget-container\">\n\t\t\t\t\t<div class=\"kurv-cont\" data-corners=\"2\" data-wave_height=\"2.6\" data-wave_length=\"30\">\n\t\n\t<div class=\"kurv-line\"><h6><a href=\"https:\/\/www.kern-sammet.ch\/fr\/commande-catalogue\/\">ALLER AU FORMULAIRE \u2192<\/a><\/h6><\/div>\n<\/div>\t\t\t\t<\/div>\n\t\t\t\t<\/div>\n\t\t\t\t\t<\/div>\n\t\t\t\t<\/div>\n\t\t\t\t\t<\/div>\n\t\t\t\t<\/div>\n\t\t\t\t\t<\/div>\n\t\t\t\t<\/div>\n\t\t<div class=\"elementor-element elementor-element-d334964 e-con-full e-flex e-con e-parent\" data-id=\"d334964\" data-element_type=\"container\" data-e-type=\"container\" data-settings=\"{&quot;background_background&quot;:&quot;classic&quot;}\">\n\t\t\t\t<\/div>\n\t\t\t\t<\/div>\n\t\t","protected":false},"excerpt":{"rendered":"<p>Homefr Commander le catalogue T\u00e9l\u00e9charger le PDF T\u00c9L\u00c9CHARGER ICI \u2192 Vous trouverez nos produits dans le catalogue complet de laboulangerie Romer\u2019s\u00e0 partir de la page 74. Commander avec le formulaire ALLER AU FORMULAIRE \u2192<\/p>\n","protected":false},"author":1,"featured_media":0,"parent":0,"menu_order":0,"comment_status":"closed","ping_status":"closed","template":"","meta":{"_acf_changed":false,"footnotes":""},"class_list":["post-13732","page","type-page","status-publish","hentry"],"acf":[],"yoast_head":"<!-- This site is optimized with the Yoast SEO plugin v27.4 - https:\/\/yoast.com\/product\/yoast-seo-wordpress\/ -->\n<title>Catalogue - Kern Sammet AG<\/title>\n<meta name=\"robots\" content=\"index, follow, max-snippet:-1, max-image-preview:large, max-video-preview:-1\" \/>\n<link rel=\"canonical\" href=\"https:\/\/www.kern-sammet.ch\/fr\/catalogue\/\" \/>\n<meta property=\"og:locale\" content=\"fr_FR\" \/>\n<meta property=\"og:type\" content=\"article\" \/>\n<meta property=\"og:title\" content=\"Catalogue - Kern Sammet AG\" \/>\n<meta property=\"og:description\" content=\"Homefr Commander le catalogue T\u00e9l\u00e9charger le PDF T\u00c9L\u00c9CHARGER ICI \u2192 Vous trouverez nos produits dans le catalogue complet de laboulangerie Romer\u2019s\u00e0 partir de la page 74. Commander avec le formulaire ALLER AU FORMULAIRE \u2192\" \/>\n<meta property=\"og:url\" content=\"https:\/\/www.kern-sammet.ch\/fr\/catalogue\/\" \/>\n<meta property=\"og:site_name\" content=\"Kern Sammet AG\" \/>\n<meta property=\"article:publisher\" content=\"https:\/\/www.facebook.com\/kernsammet\/\" \/>\n<meta property=\"article:modified_time\" content=\"2026-05-06T09:03:18+00:00\" \/>\n<meta property=\"og:image\" content=\"https:\/\/www.kern-sammet.ch\/wp-content\/uploads\/elementor\/thumbs\/Umschlag_Sortiment-2026_05_fr-rn1vlnymc1j886ftzomg8qayi8xes4yqt4qk5mld6o.jpg\" \/>\n<meta name=\"twitter:card\" content=\"summary_large_image\" \/>\n<meta name=\"twitter:label1\" content=\"Dur\u00e9e de lecture estim\u00e9e\" \/>\n\t<meta name=\"twitter:data1\" content=\"1 minute\" \/>\n<script type=\"application\/ld+json\" class=\"yoast-schema-graph\">{\"@context\":\"https:\\\/\\\/schema.org\",\"@graph\":[{\"@type\":\"WebPage\",\"@id\":\"https:\\\/\\\/www.kern-sammet.ch\\\/fr\\\/catalogue\\\/\",\"url\":\"https:\\\/\\\/www.kern-sammet.ch\\\/fr\\\/catalogue\\\/\",\"name\":\"Catalogue - Kern Sammet AG\",\"isPartOf\":{\"@id\":\"https:\\\/\\\/www.kern-sammet.ch\\\/fr\\\/#website\"},\"primaryImageOfPage\":{\"@id\":\"https:\\\/\\\/www.kern-sammet.ch\\\/fr\\\/catalogue\\\/#primaryimage\"},\"image\":{\"@id\":\"https:\\\/\\\/www.kern-sammet.ch\\\/fr\\\/catalogue\\\/#primaryimage\"},\"thumbnailUrl\":\"https:\\\/\\\/www.kern-sammet.ch\\\/wp-content\\\/uploads\\\/elementor\\\/thumbs\\\/Umschlag_Sortiment-2026_05_fr-rn1vlnymc1j886ftzomg8qayi8xes4yqt4qk5mld6o.jpg\",\"datePublished\":\"2024-02-06T14:37:23+00:00\",\"dateModified\":\"2026-05-06T09:03:18+00:00\",\"breadcrumb\":{\"@id\":\"https:\\\/\\\/www.kern-sammet.ch\\\/fr\\\/catalogue\\\/#breadcrumb\"},\"inLanguage\":\"fr-FR\",\"potentialAction\":[{\"@type\":\"ReadAction\",\"target\":[\"https:\\\/\\\/www.kern-sammet.ch\\\/fr\\\/catalogue\\\/\"]}]},{\"@type\":\"ImageObject\",\"inLanguage\":\"fr-FR\",\"@id\":\"https:\\\/\\\/www.kern-sammet.ch\\\/fr\\\/catalogue\\\/#primaryimage\",\"url\":\"https:\\\/\\\/www.kern-sammet.ch\\\/wp-content\\\/uploads\\\/elementor\\\/thumbs\\\/Umschlag_Sortiment-2026_05_fr-rn1vlnymc1j886ftzomg8qayi8xes4yqt4qk5mld6o.jpg\",\"contentUrl\":\"https:\\\/\\\/www.kern-sammet.ch\\\/wp-content\\\/uploads\\\/elementor\\\/thumbs\\\/Umschlag_Sortiment-2026_05_fr-rn1vlnymc1j886ftzomg8qayi8xes4yqt4qk5mld6o.jpg\"},{\"@type\":\"BreadcrumbList\",\"@id\":\"https:\\\/\\\/www.kern-sammet.ch\\\/fr\\\/catalogue\\\/#breadcrumb\",\"itemListElement\":[{\"@type\":\"ListItem\",\"position\":1,\"name\":\"Startseite\",\"item\":\"https:\\\/\\\/www.kern-sammet.ch\\\/fr\\\/\"},{\"@type\":\"ListItem\",\"position\":2,\"name\":\"Catalogue\"}]},{\"@type\":\"WebSite\",\"@id\":\"https:\\\/\\\/www.kern-sammet.ch\\\/fr\\\/#website\",\"url\":\"https:\\\/\\\/www.kern-sammet.ch\\\/fr\\\/\",\"name\":\"Kern & Sammet AG\",\"description\":\"\",\"publisher\":{\"@id\":\"https:\\\/\\\/www.kern-sammet.ch\\\/fr\\\/#organization\"},\"potentialAction\":[{\"@type\":\"SearchAction\",\"target\":{\"@type\":\"EntryPoint\",\"urlTemplate\":\"https:\\\/\\\/www.kern-sammet.ch\\\/fr\\\/?s={search_term_string}\"},\"query-input\":{\"@type\":\"PropertyValueSpecification\",\"valueRequired\":true,\"valueName\":\"search_term_string\"}}],\"inLanguage\":\"fr-FR\"},{\"@type\":\"Organization\",\"@id\":\"https:\\\/\\\/www.kern-sammet.ch\\\/fr\\\/#organization\",\"name\":\"Kern & Sammet AG\",\"url\":\"https:\\\/\\\/www.kern-sammet.ch\\\/fr\\\/\",\"logo\":{\"@type\":\"ImageObject\",\"inLanguage\":\"fr-FR\",\"@id\":\"https:\\\/\\\/www.kern-sammet.ch\\\/fr\\\/#\\\/schema\\\/logo\\\/image\\\/\",\"url\":\"https:\\\/\\\/www.kern-sammet.ch\\\/wp-content\\\/uploads\\\/2023\\\/11\\\/KS_Logo_Claim_Swiss_RGB_DE.png\",\"contentUrl\":\"https:\\\/\\\/www.kern-sammet.ch\\\/wp-content\\\/uploads\\\/2023\\\/11\\\/KS_Logo_Claim_Swiss_RGB_DE.png\",\"width\":2240,\"height\":585,\"caption\":\"Kern & Sammet AG\"},\"image\":{\"@id\":\"https:\\\/\\\/www.kern-sammet.ch\\\/fr\\\/#\\\/schema\\\/logo\\\/image\\\/\"},\"sameAs\":[\"https:\\\/\\\/www.facebook.com\\\/kernsammet\\\/\"]}]}<\/script>\n<!-- \/ Yoast SEO plugin. -->","yoast_head_json":{"title":"Catalogue - Kern Sammet AG","robots":{"index":"index","follow":"follow","max-snippet":"max-snippet:-1","max-image-preview":"max-image-preview:large","max-video-preview":"max-video-preview:-1"},"canonical":"https:\/\/www.kern-sammet.ch\/fr\/catalogue\/","og_locale":"fr_FR","og_type":"article","og_title":"Catalogue - Kern Sammet AG","og_description":"Homefr Commander le catalogue T\u00e9l\u00e9charger le PDF T\u00c9L\u00c9CHARGER ICI \u2192 Vous trouverez nos produits dans le catalogue complet de laboulangerie Romer\u2019s\u00e0 partir de la page 74. Commander avec le formulaire ALLER AU FORMULAIRE \u2192","og_url":"https:\/\/www.kern-sammet.ch\/fr\/catalogue\/","og_site_name":"Kern Sammet AG","article_publisher":"https:\/\/www.facebook.com\/kernsammet\/","article_modified_time":"2026-05-06T09:03:18+00:00","og_image":[{"url":"https:\/\/www.kern-sammet.ch\/wp-content\/uploads\/elementor\/thumbs\/Umschlag_Sortiment-2026_05_fr-rn1vlnymc1j886ftzomg8qayi8xes4yqt4qk5mld6o.jpg","type":"","width":"","height":""}],"twitter_card":"summary_large_image","twitter_misc":{"Dur\u00e9e de lecture estim\u00e9e":"1 minute"},"schema":{"@context":"https:\/\/schema.org","@graph":[{"@type":"WebPage","@id":"https:\/\/www.kern-sammet.ch\/fr\/catalogue\/","url":"https:\/\/www.kern-sammet.ch\/fr\/catalogue\/","name":"Catalogue - Kern Sammet AG","isPartOf":{"@id":"https:\/\/www.kern-sammet.ch\/fr\/#website"},"primaryImageOfPage":{"@id":"https:\/\/www.kern-sammet.ch\/fr\/catalogue\/#primaryimage"},"image":{"@id":"https:\/\/www.kern-sammet.ch\/fr\/catalogue\/#primaryimage"},"thumbnailUrl":"https:\/\/www.kern-sammet.ch\/wp-content\/uploads\/elementor\/thumbs\/Umschlag_Sortiment-2026_05_fr-rn1vlnymc1j886ftzomg8qayi8xes4yqt4qk5mld6o.jpg","datePublished":"2024-02-06T14:37:23+00:00","dateModified":"2026-05-06T09:03:18+00:00","breadcrumb":{"@id":"https:\/\/www.kern-sammet.ch\/fr\/catalogue\/#breadcrumb"},"inLanguage":"fr-FR","potentialAction":[{"@type":"ReadAction","target":["https:\/\/www.kern-sammet.ch\/fr\/catalogue\/"]}]},{"@type":"ImageObject","inLanguage":"fr-FR","@id":"https:\/\/www.kern-sammet.ch\/fr\/catalogue\/#primaryimage","url":"https:\/\/www.kern-sammet.ch\/wp-content\/uploads\/elementor\/thumbs\/Umschlag_Sortiment-2026_05_fr-rn1vlnymc1j886ftzomg8qayi8xes4yqt4qk5mld6o.jpg","contentUrl":"https:\/\/www.kern-sammet.ch\/wp-content\/uploads\/elementor\/thumbs\/Umschlag_Sortiment-2026_05_fr-rn1vlnymc1j886ftzomg8qayi8xes4yqt4qk5mld6o.jpg"},{"@type":"BreadcrumbList","@id":"https:\/\/www.kern-sammet.ch\/fr\/catalogue\/#breadcrumb","itemListElement":[{"@type":"ListItem","position":1,"name":"Startseite","item":"https:\/\/www.kern-sammet.ch\/fr\/"},{"@type":"ListItem","position":2,"name":"Catalogue"}]},{"@type":"WebSite","@id":"https:\/\/www.kern-sammet.ch\/fr\/#website","url":"https:\/\/www.kern-sammet.ch\/fr\/","name":"Kern & Sammet AG","description":"","publisher":{"@id":"https:\/\/www.kern-sammet.ch\/fr\/#organization"},"potentialAction":[{"@type":"SearchAction","target":{"@type":"EntryPoint","urlTemplate":"https:\/\/www.kern-sammet.ch\/fr\/?s={search_term_string}"},"query-input":{"@type":"PropertyValueSpecification","valueRequired":true,"valueName":"search_term_string"}}],"inLanguage":"fr-FR"},{"@type":"Organization","@id":"https:\/\/www.kern-sammet.ch\/fr\/#organization","name":"Kern & Sammet AG","url":"https:\/\/www.kern-sammet.ch\/fr\/","logo":{"@type":"ImageObject","inLanguage":"fr-FR","@id":"https:\/\/www.kern-sammet.ch\/fr\/#\/schema\/logo\/image\/","url":"https:\/\/www.kern-sammet.ch\/wp-content\/uploads\/2023\/11\/KS_Logo_Claim_Swiss_RGB_DE.png","contentUrl":"https:\/\/www.kern-sammet.ch\/wp-content\/uploads\/2023\/11\/KS_Logo_Claim_Swiss_RGB_DE.png","width":2240,"height":585,"caption":"Kern & Sammet AG"},"image":{"@id":"https:\/\/www.kern-sammet.ch\/fr\/#\/schema\/logo\/image\/"},"sameAs":["https:\/\/www.facebook.com\/kernsammet\/"]}]}},"_links":{"self":[{"href":"https:\/\/www.kern-sammet.ch\/fr\/wp-json\/wp\/v2\/pages\/13732","targetHints":{"allow":["GET"]}}],"collection":[{"href":"https:\/\/www.kern-sammet.ch\/fr\/wp-json\/wp\/v2\/pages"}],"about":[{"href":"https:\/\/www.kern-sammet.ch\/fr\/wp-json\/wp\/v2\/types\/page"}],"author":[{"embeddable":true,"href":"https:\/\/www.kern-sammet.ch\/fr\/wp-json\/wp\/v2\/users\/1"}],"replies":[{"embeddable":true,"href":"https:\/\/www.kern-sammet.ch\/fr\/wp-json\/wp\/v2\/comments?post=13732"}],"version-history":[{"count":15,"href":"https:\/\/www.kern-sammet.ch\/fr\/wp-json\/wp\/v2\/pages\/13732\/revisions"}],"predecessor-version":[{"id":18862,"href":"https:\/\/www.kern-sammet.ch\/fr\/wp-json\/wp\/v2\/pages\/13732\/revisions\/18862"}],"wp:attachment":[{"href":"https:\/\/www.kern-sammet.ch\/fr\/wp-json\/wp\/v2\/media?parent=13732"}],"curies":[{"name":"wp","href":"https:\/\/api.w.org\/{rel}","templated":true}]}}